{"id":124,"date":"2022-05-06T19:10:29","date_gmt":"2022-05-06T17:10:29","guid":{"rendered":"https:\/\/promind.geekworkers.dev\/?page_id=124"},"modified":"2023-04-13T15:54:00","modified_gmt":"2023-04-13T13:54:00","slug":"methodologie-mpc","status":"publish","type":"page","link":"https:\/\/promindconsulting.com\/de\/methodologie-mpc\/","title":{"rendered":"MPC-Methodologie"},"content":{"rendered":"<div data-elementor-type=\"wp-page\" data-elementor-id=\"124\" class=\"elementor elementor-124\" data-elementor-post-type=\"page\">\n\t\t\t\t\t\t<section class=\"elementor-section elementor-top-section elementor-element elementor-element-0c0cbca elementor-section-height-min-height elementor-section-items-top elementor-section-boxed elementor-section-height-default\" data-id=\"0c0cbca\" data-element_type=\"section\" data-settings=\"{&quot;jet_parallax_layout_list&quot;:[],&quot;background_background&quot;:&quot;classic&quot;}\">\n\t\t\t\t\t\t\t<div class=\"elementor-background-overlay\"><\/div>\n\t\t\t\t\t\t\t<div class=\"elementor-container elementor-column-gap-default\">\n\t\t\t\t\t<div class=\"elementor-column elementor-col-50 elementor-top-column elementor-element elementor-element-d166af3\" data-id=\"d166af3\" data-element_type=\"column\">\n\t\t\t<div class=\"elementor-widget-wrap elementor-element-populated\">\n\t\t\t\t\t\t<div class=\"elementor-element elementor-element-98ec1e8 elementor-widget elementor-widget-heading\" data-id=\"98ec1e8\" data-element_type=\"widget\" data-widget_type=\"heading.default\">\n\t\t\t\t<div class=\"elementor-widget-container\">\n\t\t\t<h2 class=\"elementor-heading-title elementor-size-default\">Management durch Coaching (MPC\u2122)<\/h2>\t\t<\/div>\n\t\t\t\t<\/div>\n\t\t\t\t\t<\/div>\n\t\t<\/div>\n\t\t\t\t<div class=\"elementor-column elementor-col-50 elementor-top-column elementor-element elementor-element-99766fa\" data-id=\"99766fa\" data-element_type=\"column\">\n\t\t\t<div class=\"elementor-widget-wrap elementor-element-populated\">\n\t\t\t\t\t\t<div class=\"elementor-element elementor-element-9913953 elementor-widget elementor-widget-text-editor\" data-id=\"9913953\" data-element_type=\"widget\" data-widget_type=\"text-editor.default\">\n\t\t\t\t<div class=\"elementor-widget-container\">\n\t\t\t\t\t\t\t<p>Management durch Coaching (MPC\u2122) wurde mit dem Ziel entwickelt, den Menschen wieder in den Mittelpunkt des Unternehmens zu stellen, um eine effektive Kompetenzentwicklung zu gew\u00e4hrleisten und einen optimalen organisatorischen Wandel zu f\u00f6rdern.<\/p><p>Sie entstand 1993, wurde durch den Kontakt mit unseren Kunden bereichert und in einem 2002 erschienenen Buch materialisiert. So hat sich die Methode seit fast 30 Jahren st\u00e4ndig weiterentwickelt und dient als Leitfaden f\u00fcr die Begleitung von Unternehmen bei Ver\u00e4nderungen.<\/p>\t\t\t\t\t\t<\/div>\n\t\t\t\t<\/div>\n\t\t\t\t\t<\/div>\n\t\t<\/div>\n\t\t\t\t\t<\/div>\n\t\t<\/section>\n\t\t\t\t<section class=\"elementor-section elementor-top-section elementor-element elementor-element-fde1b40 elementor-section-boxed elementor-section-height-default elementor-section-height-default\" data-id=\"fde1b40\" data-element_type=\"section\" data-settings=\"{&quot;jet_parallax_layout_list&quot;:[],&quot;background_background&quot;:&quot;classic&quot;}\">\n\t\t\t\t\t\t<div class=\"elementor-container elementor-column-gap-default\">\n\t\t\t\t\t<div class=\"elementor-column elementor-col-50 elementor-top-column elementor-element elementor-element-df6c4cf\" data-id=\"df6c4cf\" data-element_type=\"column\">\n\t\t\t<div class=\"elementor-widget-wrap elementor-element-populated\">\n\t\t\t\t\t\t<div class=\"elementor-element elementor-element-02f3424 elementor-widget elementor-widget-heading\" data-id=\"02f3424\" data-element_type=\"widget\" data-widget_type=\"heading.default\">\n\t\t\t\t<div class=\"elementor-widget-container\">\n\t\t\t<h2 class=\"elementor-heading-title elementor-size-default\">Unsere Philosophie<\/h2>\t\t<\/div>\n\t\t\t\t<\/div>\n\t\t\t\t<div class=\"elementor-element elementor-element-a614eef elementor-widget elementor-widget-heading\" data-id=\"a614eef\" data-element_type=\"widget\" data-widget_type=\"heading.default\">\n\t\t\t\t<div class=\"elementor-widget-container\">\n\t\t\t<h3 class=\"elementor-heading-title elementor-size-default\">Exzellenz in aller Stille.<\/h3>\t\t<\/div>\n\t\t\t\t<\/div>\n\t\t\t\t<div class=\"elementor-element elementor-element-288d7d1 elementor-widget elementor-widget-text-editor\" data-id=\"288d7d1\" data-element_type=\"widget\" data-widget_type=\"text-editor.default\">\n\t\t\t\t<div class=\"elementor-widget-container\">\n\t\t\t\t\t\t\t<p>Unsere gesamten Aktivit\u00e4ten basieren auf <span style=\"text-decoration: underline;\">die Methodik der BA<\/span> beschrieben in dem Buch des <span style=\"text-decoration: underline;\">Management durch Coaching, MPC<\/span><\/p><p>Dieser systemische Ansatz erm\u00f6glicht :<\/p>\t\t\t\t\t\t<\/div>\n\t\t\t\t<\/div>\n\t\t\t\t<div class=\"elementor-element elementor-element-936a1c3 elementor-align-left elementor-icon-list--layout-traditional elementor-list-item-link-full_width elementor-widget elementor-widget-icon-list\" data-id=\"936a1c3\" data-element_type=\"widget\" data-widget_type=\"icon-list.default\">\n\t\t\t\t<div class=\"elementor-widget-container\">\n\t\t\t\t\t<ul class=\"elementor-icon-list-items\">\n\t\t\t\t\t\t\t<li class=\"elementor-icon-list-item\">\n\t\t\t\t\t\t\t\t\t\t\t<span class=\"elementor-icon-list-icon\">\n\t\t\t\t\t\t\t<svg xmlns=\"http:\/\/www.w3.org\/2000\/svg\" width=\"18\" height=\"18\" viewbox=\"0 0 18 18\" fill=\"none\"><circle cx=\"9\" cy=\"9\" r=\"9\" fill=\"url(#paint0_linear_182_2055)\"><\/circle><defs><lineargradient id=\"paint0_linear_182_2055\" x1=\"0.425\" y1=\"-7.9079\" x2=\"28.728\" y2=\"3.52998\" gradientunits=\"userSpaceOnUse\"><stop stop-color=\"#0764E3\"><\/stop><stop offset=\"1\" stop-color=\"#00FF6A\"><\/stop><\/lineargradient><\/defs><\/svg>\t\t\t\t\t\t<\/span>\n\t\t\t\t\t\t\t\t\t\t<span class=\"elementor-icon-list-text\">die Aktivit\u00e4t mit maximaler Autonomie zu steuern und mit Ver\u00e4nderungen und Ungewissheit umzugehen  <\/span>\n\t\t\t\t\t\t\t\t\t<\/li>\n\t\t\t\t\t\t\t\t<li class=\"elementor-icon-list-item\">\n\t\t\t\t\t\t\t\t\t\t\t<span class=\"elementor-icon-list-icon\">\n\t\t\t\t\t\t\t<svg xmlns=\"http:\/\/www.w3.org\/2000\/svg\" width=\"18\" height=\"18\" viewbox=\"0 0 18 18\" fill=\"none\"><circle cx=\"9\" cy=\"9\" r=\"9\" fill=\"url(#paint0_linear_182_2055)\"><\/circle><defs><lineargradient id=\"paint0_linear_182_2055\" x1=\"0.425\" y1=\"-7.9079\" x2=\"28.728\" y2=\"3.52998\" gradientunits=\"userSpaceOnUse\"><stop stop-color=\"#0764E3\"><\/stop><stop offset=\"1\" stop-color=\"#00FF6A\"><\/stop><\/lineargradient><\/defs><\/svg>\t\t\t\t\t\t<\/span>\n\t\t\t\t\t\t\t\t\t\t<span class=\"elementor-icon-list-text\">den Begriff der Kompetenzentwicklung kontinuierlich in einen projektorientierten Managementansatz zu integrieren<\/span>\n\t\t\t\t\t\t\t\t\t<\/li>\n\t\t\t\t\t\t\t\t<li class=\"elementor-icon-list-item\">\n\t\t\t\t\t\t\t\t\t\t\t<span class=\"elementor-icon-list-icon\">\n\t\t\t\t\t\t\t<svg xmlns=\"http:\/\/www.w3.org\/2000\/svg\" width=\"18\" height=\"18\" viewbox=\"0 0 18 18\" fill=\"none\"><circle cx=\"9\" cy=\"9\" r=\"9\" fill=\"url(#paint0_linear_182_2055)\"><\/circle><defs><lineargradient id=\"paint0_linear_182_2055\" x1=\"0.425\" y1=\"-7.9079\" x2=\"28.728\" y2=\"3.52998\" gradientunits=\"userSpaceOnUse\"><stop stop-color=\"#0764E3\"><\/stop><stop offset=\"1\" stop-color=\"#00FF6A\"><\/stop><\/lineargradient><\/defs><\/svg>\t\t\t\t\t\t<\/span>\n\t\t\t\t\t\t\t\t\t\t<span class=\"elementor-icon-list-text\">Wohlbefinden und die Einhaltung definierter Werte zu f\u00f6rdern, um die langfristige Wettbewerbsf\u00e4higkeit wirksam zu unterst\u00fctzen<\/span>\n\t\t\t\t\t\t\t\t\t<\/li>\n\t\t\t\t\t\t<\/ul>\n\t\t\t\t<\/div>\n\t\t\t\t<\/div>\n\t\t\t\t\t<\/div>\n\t\t<\/div>\n\t\t\t\t<div class=\"elementor-column elementor-col-50 elementor-top-column elementor-element elementor-element-3f7bc90\" data-id=\"3f7bc90\" data-element_type=\"column\">\n\t\t\t<div class=\"elementor-widget-wrap elementor-element-populated\">\n\t\t\t\t\t\t<div class=\"elementor-element elementor-element-a9914a0 elementor-widget elementor-widget-image\" data-id=\"a9914a0\" data-element_type=\"widget\" data-widget_type=\"image.default\">\n\t\t\t\t<div class=\"elementor-widget-container\">\n\t\t\t\t\t\t\t\t\t\t\t\t\t<img fetchpriority=\"high\" decoding=\"async\" width=\"592\" height=\"539\" src=\"https:\/\/promindconsulting.com\/wp-content\/uploads\/2022\/05\/Promind-Philosophie.jpg\" class=\"attachment-large size-large wp-image-41\" alt=\"\" srcset=\"https:\/\/promindconsulting.com\/wp-content\/uploads\/2022\/05\/Promind-Philosophie.jpg 592w, https:\/\/promindconsulting.com\/wp-content\/uploads\/2022\/05\/Promind-Philosophie-300x273.jpg 300w\" sizes=\"(max-width: 592px) 100vw, 592px\" \/>\t\t\t\t\t\t\t\t\t\t\t\t\t<\/div>\n\t\t\t\t<\/div>\n\t\t\t\t\t<\/div>\n\t\t<\/div>\n\t\t\t\t\t<\/div>\n\t\t<\/section>\n\t\t\t\t<section class=\"elementor-section elementor-top-section elementor-element elementor-element-de01ca9 elementor-section-boxed elementor-section-height-default elementor-section-height-default\" data-id=\"de01ca9\" data-element_type=\"section\" data-settings=\"{&quot;jet_parallax_layout_list&quot;:[]}\">\n\t\t\t\t\t\t<div class=\"elementor-container elementor-column-gap-default\">\n\t\t\t\t\t<div class=\"elementor-column elementor-col-100 elementor-top-column elementor-element elementor-element-3455508\" data-id=\"3455508\" data-element_type=\"column\">\n\t\t\t<div class=\"elementor-widget-wrap elementor-element-populated\">\n\t\t\t\t\t\t<section class=\"elementor-section elementor-inner-section elementor-element elementor-element-c7a9ec7 elementor-section-boxed elementor-section-height-default elementor-section-height-default\" data-id=\"c7a9ec7\" data-element_type=\"section\" data-settings=\"{&quot;jet_parallax_layout_list&quot;:[]}\">\n\t\t\t\t\t\t<div class=\"elementor-container elementor-column-gap-default\">\n\t\t\t\t\t<div class=\"elementor-column elementor-col-50 elementor-inner-column elementor-element elementor-element-78f6a2e\" data-id=\"78f6a2e\" data-element_type=\"column\" data-settings=\"{&quot;background_background&quot;:&quot;gradient&quot;}\">\n\t\t\t<div class=\"elementor-widget-wrap elementor-element-populated\">\n\t\t\t\t\t\t<div class=\"elementor-element elementor-element-d3b184d elementor-position-left elementor-view-framed elementor-shape-circle elementor-mobile-position-top elementor-vertical-align-top elementor-widget elementor-widget-icon-box\" data-id=\"d3b184d\" data-element_type=\"widget\" data-widget_type=\"icon-box.default\">\n\t\t\t\t<div class=\"elementor-widget-container\">\n\t\t\t\t\t<div class=\"elementor-icon-box-wrapper\">\n\t\t\t\t\t\t<div class=\"elementor-icon-box-icon\">\n\t\t\t\t<span  class=\"elementor-icon elementor-animation-\">\n\t\t\t\t<i aria-hidden=\"true\" class=\"far fa-circle\"><\/i>\t\t\t\t<\/span>\n\t\t\t<\/div>\n\t\t\t\t\t\t<div class=\"elementor-icon-box-content\">\n\t\t\t\t<h3 class=\"elementor-icon-box-title\">\n\t\t\t\t\t<span  >\n\t\t\t\t\t\tDie MPC\u2122-Schulung\t\t\t\t\t<\/span>\n\t\t\t\t<\/h3>\n\t\t\t\t\t\t\t\t\t<p class=\"elementor-icon-box-description\">\n\t\t\t\t\t\tDiese andragogische Ausbildung zielt darauf ab, den Einsatz von menschlichen und materiellen Ressourcen zu optimieren, den Erfolg jedes Projekts zu sichern, zur Nachhaltigkeit beizutragen und gleichzeitig den Respekt f\u00fcr die Werte und das Wohlbefinden jedes Einzelnen zu st\u00e4rken.\t\t\t\t\t<\/p>\n\t\t\t\t\t\t\t<\/div>\n\t\t<\/div>\n\t\t\t\t<\/div>\n\t\t\t\t<\/div>\n\t\t\t\t\t<\/div>\n\t\t<\/div>\n\t\t\t\t<div class=\"elementor-column elementor-col-50 elementor-inner-column elementor-element elementor-element-172d64b\" data-id=\"172d64b\" data-element_type=\"column\" data-settings=\"{&quot;background_background&quot;:&quot;gradient&quot;}\">\n\t\t\t<div class=\"elementor-widget-wrap elementor-element-populated\">\n\t\t\t\t\t\t<div class=\"elementor-element elementor-element-f7e1cec elementor-position-left elementor-view-framed elementor-shape-circle elementor-mobile-position-top elementor-vertical-align-top elementor-widget elementor-widget-icon-box\" data-id=\"f7e1cec\" data-element_type=\"widget\" data-widget_type=\"icon-box.default\">\n\t\t\t\t<div class=\"elementor-widget-container\">\n\t\t\t\t\t<div class=\"elementor-icon-box-wrapper\">\n\t\t\t\t\t\t<div class=\"elementor-icon-box-icon\">\n\t\t\t\t<span  class=\"elementor-icon elementor-animation-\">\n\t\t\t\t<i aria-hidden=\"true\" class=\"far fa-circle\"><\/i>\t\t\t\t<\/span>\n\t\t\t<\/div>\n\t\t\t\t\t\t<div class=\"elementor-icon-box-content\">\n\t\t\t\t<h3 class=\"elementor-icon-box-title\">\n\t\t\t\t\t<span  >\n\t\t\t\t\t\tDas MPC\u2122-Coaching\t\t\t\t\t<\/span>\n\t\t\t\t<\/h3>\n\t\t\t\t\t\t\t\t\t<p class=\"elementor-icon-box-description\">\n\t\t\t\t\t\tDie vollst\u00e4ndige Methodik des MPC\u2122 wird auch in dem Buch \"Management durch Coaching\" beschrieben, das es dem Teilnehmer erm\u00f6glicht, seine eigene Entwicklung anhand von Selbstcoaching-Bl\u00e4ttern zu verfolgen.\t\t\t\t\t<\/p>\n\t\t\t\t\t\t\t<\/div>\n\t\t<\/div>\n\t\t\t\t<\/div>\n\t\t\t\t<\/div>\n\t\t\t\t\t<\/div>\n\t\t<\/div>\n\t\t\t\t\t<\/div>\n\t\t<\/section>\n\t\t\t\t\t<\/div>\n\t\t<\/div>\n\t\t\t\t\t<\/div>\n\t\t<\/section>\n\t\t\t\t<section class=\"elementor-section elementor-top-section elementor-element elementor-element-7096f50 elementor-section-height-min-height elementor-section-boxed elementor-section-height-default elementor-section-items-middle\" data-id=\"7096f50\" data-element_type=\"section\" data-settings=\"{&quot;jet_parallax_layout_list&quot;:[],&quot;background_background&quot;:&quot;gradient&quot;}\">\n\t\t\t\t\t\t\t<div class=\"elementor-background-overlay\"><\/div>\n\t\t\t\t\t\t\t<div class=\"elementor-container elementor-column-gap-default\">\n\t\t\t\t\t<div class=\"elementor-column elementor-col-100 elementor-top-column elementor-element elementor-element-3d809f5\" data-id=\"3d809f5\" data-element_type=\"column\">\n\t\t\t<div class=\"elementor-widget-wrap elementor-element-populated\">\n\t\t\t\t\t\t<div class=\"elementor-element elementor-element-22330ad elementor-widget elementor-widget-heading\" data-id=\"22330ad\" data-element_type=\"widget\" data-widget_type=\"heading.default\">\n\t\t\t\t<div class=\"elementor-widget-container\">\n\t\t\t<p class=\"elementor-heading-title elementor-size-default\">Mehr <b>1000 Klienten<\/b> und \n<b>33 Jahre<\/b> Erfahrungen<\/p>\t\t<\/div>\n\t\t\t\t<\/div>\n\t\t\t\t<div class=\"elementor-element elementor-element-53b9de9 elementor-align-center elementor-widget elementor-widget-button\" data-id=\"53b9de9\" data-element_type=\"widget\" data-widget_type=\"button.default\">\n\t\t\t\t<div class=\"elementor-widget-container\">\n\t\t\t\t\t<div class=\"elementor-button-wrapper\">\n\t\t\t<a class=\"elementor-button elementor-button-link elementor-size-md elementor-animation-grow\" href=\"https:\/\/promindconsulting.com\/de\/contact\/\">\n\t\t\t\t\t\t<span class=\"elementor-button-content-wrapper\">\n\t\t\t\t\t\t<span class=\"elementor-button-text\">Kontaktieren Sie uns<\/span>\n\t\t<\/span>\n\t\t\t\t\t<\/a>\n\t\t<\/div>\n\t\t\t\t<\/div>\n\t\t\t\t<\/div>\n\t\t\t\t\t<\/div>\n\t\t<\/div>\n\t\t\t\t\t<\/div>\n\t\t<\/section>\n\t\t\t\t<section class=\"elementor-section elementor-top-section elementor-element elementor-element-608748c elementor-section-height-min-height elementor-section-items-top elementor-section-boxed elementor-section-height-default\" data-id=\"608748c\" data-element_type=\"section\" data-settings=\"{&quot;jet_parallax_layout_list&quot;:[],&quot;background_background&quot;:&quot;classic&quot;}\">\n\t\t\t\t\t\t<div class=\"elementor-container elementor-column-gap-default\">\n\t\t\t\t\t<div class=\"elementor-column elementor-col-50 elementor-top-column elementor-element elementor-element-d7294b7\" data-id=\"d7294b7\" data-element_type=\"column\">\n\t\t\t<div class=\"elementor-widget-wrap elementor-element-populated\">\n\t\t\t\t\t\t<div class=\"elementor-element elementor-element-b89d295 elementor-widget elementor-widget-heading\" data-id=\"b89d295\" data-element_type=\"widget\" data-widget_type=\"heading.default\">\n\t\t\t\t<div class=\"elementor-widget-container\">\n\t\t\t<h2 class=\"elementor-heading-title elementor-size-default\">Den Menschen setzen<br>\n<b>im Zentrum des Unternehmens<\/b><\/h2>\t\t<\/div>\n\t\t\t\t<\/div>\n\t\t\t\t\t<\/div>\n\t\t<\/div>\n\t\t\t\t<div class=\"elementor-column elementor-col-50 elementor-top-column elementor-element elementor-element-46c395e\" data-id=\"46c395e\" data-element_type=\"column\">\n\t\t\t<div class=\"elementor-widget-wrap elementor-element-populated\">\n\t\t\t\t\t\t<div class=\"elementor-element elementor-element-8cceddc elementor-widget elementor-widget-text-editor\" data-id=\"8cceddc\" data-element_type=\"widget\" data-widget_type=\"text-editor.default\">\n\t\t\t\t<div class=\"elementor-widget-container\">\n\t\t\t\t\t\t\t<p><strong>Management durch Coaching (MPC\u2122)<\/strong> ist ein Managementsystem, das auf einer systemischen Methode basiert, die den menschlichen Teil st\u00e4ndig mit einbezieht. Dieser umfassende, ganzheitliche Ansatz gibt jedem Nutzer das Mittel an die Hand, sich einen \u00dcberblick \u00fcber seine Rolle, sein berufliches Projekt, seine Partner und seine Kunden zu verschaffen.\u00a0<\/p><p>Es bietet eine Struktur f\u00fcr den gesamten Projektprozess, erm\u00f6glicht es, einen Schritt zur\u00fcckzutreten, um seine Kompetenzen und die seines Teams zu entwickeln und an die neuen Anforderungen anzupassen, zu motivieren und seine Vision zu teilen, indem es sich auf Delegation und individuelle Verantwortung st\u00fctzt.<\/p><p>In diesem Sinne ist es ein sehr wirksames Instrument zur Begleitung des organisatorischen Wandels, das jedem Akteur beibringt, gleichzeitig Pilot und Coach zu sein, und das durch die F\u00f6rderung von Zusammenarbeit und Innovation eine bessere Zusammenarbeit erm\u00f6glicht.<\/p>\t\t\t\t\t\t<\/div>\n\t\t\t\t<\/div>\n\t\t\t\t\t<\/div>\n\t\t<\/div>\n\t\t\t\t\t<\/div>\n\t\t<\/section>\n\t\t\t\t<\/div>","protected":false},"excerpt":{"rendered":"<p>Le Management Par le Coaching (MPC\u2122) Le Management par le Coaching (MPC\u2122) a \u00e9t\u00e9 con\u00e7u dans le but de remettre l\u2019humain au centre de l\u2019entreprise afin de garantir un d\u00e9veloppement de comp\u00e9tences efficace et de favoriser un changement organisationnel optimal. Il a vu le jour en 1993, s&rsquo;est enrichi au contact de nos clients et [&hellip;]<\/p>\n","protected":false},"author":1,"featured_media":0,"parent":0,"menu_order":0,"comment_status":"closed","ping_status":"closed","template":"elementor_header_footer","meta":{"footnotes":""},"class_list":["post-124","page","type-page","status-publish","hentry"],"_links":{"self":[{"href":"https:\/\/promindconsulting.com\/de\/wp-json\/wp\/v2\/pages\/124","targetHints":{"allow":["GET"]}}],"collection":[{"href":"https:\/\/promindconsulting.com\/de\/wp-json\/wp\/v2\/pages"}],"about":[{"href":"https:\/\/promindconsulting.com\/de\/wp-json\/wp\/v2\/types\/page"}],"author":[{"embeddable":true,"href":"https:\/\/promindconsulting.com\/de\/wp-json\/wp\/v2\/users\/1"}],"replies":[{"embeddable":true,"href":"https:\/\/promindconsulting.com\/de\/wp-json\/wp\/v2\/comments?post=124"}],"version-history":[{"count":5,"href":"https:\/\/promindconsulting.com\/de\/wp-json\/wp\/v2\/pages\/124\/revisions"}],"predecessor-version":[{"id":487,"href":"https:\/\/promindconsulting.com\/de\/wp-json\/wp\/v2\/pages\/124\/revisions\/487"}],"wp:attachment":[{"href":"https:\/\/promindconsulting.com\/de\/wp-json\/wp\/v2\/media?parent=124"}],"curies":[{"name":"wp","href":"https:\/\/api.w.org\/{rel}","templated":true}]}}